{"id":3068,"date":"2021-12-01T10:59:27","date_gmt":"2021-12-01T09:59:27","guid":{"rendered":"https:\/\/www.sessamarine.com\/?page_id=3068"},"modified":"2021-12-01T11:09:14","modified_gmt":"2021-12-01T10:09:14","slug":"landing-novembre-2021-spa","status":"publish","type":"page","link":"https:\/\/www.sessamarine.com\/en\/landing-novembre-2021-spa\/","title":{"rendered":"Landing Novembre 2021 &#8211; SPA"},"content":{"rendered":"<figure><img decoding=\"async\" width=\"167\" height=\"114\" src=\"https:\/\/www.sessamarine.com\/wp-content\/uploads\/2021\/03\/sessamarine-logo-ombra.png\" alt=\"\" loading=\"lazy\" \/><\/figure>\n<h4>LA NAVEGACI\u00d3N DE EXCELENCIA,<br \/> <br \/>\nMADE IN ITALY<br \/>\n<\/h4>\n<h4>Icono de estilo, dise\u00f1o<br \/>\nrendimiento y emociones.v<\/h4>\n<h4>Descubra nuestras marcas<\/h4>\n<p>Sessa Marine ofrece l\u00edneas de embarcaciones abiertas y con mosca, de 24 a 68 pies, dise\u00f1adas para ofrecer la m\u00e1xima calidad a quienes opten por navegar a bordo de nuestros yates.<\/p>\n<p>Hoy Sessa Marine es uno de los pocos astilleros del mundo capaz de ofrecer al mercado una gama tan amplia de modelos, que van desde embarcaciones abiertas fuera de borda hasta los yates a medida m\u00e1s refinados.<\/p>\n<p>\t\t\t<a href=\"#form\" role=\"button\"><br \/>\n\t\t\t\t\t\tSOLICITA M\u00c1S INFORMACI\u00d3N<br \/>\n\t\t\t\t\t<\/a><\/p>\n<figure><img decoding=\"async\" width=\"250\" height=\"163\" src=\"https:\/\/www.sessamarine.com\/wp-content\/uploads\/2021\/03\/unnamed-1.png\" alt=\"\" loading=\"lazy\" \/><\/figure>\n<figure><img decoding=\"async\" width=\"300\" height=\"141\" src=\"https:\/\/www.sessamarine.com\/wp-content\/uploads\/2021\/03\/fastpages-35a167ad-df48-4172-9e5b-2f34e92532ae-1-300x141.png\" alt=\"\" loading=\"lazy\" \/><\/figure>\n<h4>Sessa Marine &#038; Key Largo<\/h4>\n<h4>Muchas soluciones para cada deseo<\/h4>\n<p>\t\t\t\t\t\t\t\t\t\t\t\t\t\t\t<img decoding=\"async\" width=\"1000\" height=\"666\" src=\"https:\/\/www.sessamarine.com\/wp-content\/uploads\/2021\/11\/KL34_69-landing.jpg\" alt=\"\" loading=\"lazy\" srcset=\"https:\/\/www.sessamarine.com\/wp-content\/uploads\/2021\/11\/KL34_69-landing.jpg 1000w, https:\/\/www.sessamarine.com\/wp-content\/uploads\/2021\/11\/KL34_69-landing-300x200.jpg 300w, https:\/\/www.sessamarine.com\/wp-content\/uploads\/2021\/11\/KL34_69-landing-768x511.jpg 768w, https:\/\/www.sessamarine.com\/wp-content\/uploads\/2021\/11\/KL34_69-landing-640x426.jpg 640w, https:\/\/www.sessamarine.com\/wp-content\/uploads\/2021\/11\/KL34_69-landing-600x400.jpg 600w\" sizes=\"auto, (max-width: 639px) 98vw, (max-width: 1199px) 64vw, 770px\" \/>\t\t\t\t\t\t\t\t\t\t\t\t\t\t\t<\/p>\n<h3>SESSA MARINE <\/h3>\n<h3>KL34 <\/h3>\n<p>Dise\u00f1o incisivo y l\u00edneas exteriores elegantes, KEY LARGO 34 sigue las caracter\u00edsticas principales de su hermana mayor Key Largo 40.<\/p>\n<p>Un universo deportivo donde el alto nivel de calidad de los materiales y las soluciones innovadoras que se han incorporado, satisfacen todas las necesidades particulares de los clientes.<\/p>\n<p>\t\t\t<a href=\"#form\" role=\"button\"><br \/>\n\t\t\t\t\t\tPida mas informaci\u00f3n<br \/>\n\t\t\t\t\t<\/a><\/p>\n<h3>SESSA MARINE <\/h3>\n<h3>KL40<\/h3>\n<p>El nuevo KEY LARGO 40 destaca inmediatamente por su aspecto deportivo y su car\u00e1cter valiente.<\/p>\n<p>Con un casco completamente redise\u00f1ado, que favorece el aumento de prestaciones y la optimizaci\u00f3n de los consumos, este open es capaz de alcanzar, gracias a la potencia m\u00e1xima de los motores que se pueden instalar (1275 CV), una velocidad de m\u00e1s de 55 kN.<\/p>\n<p>\t\t\t<a href=\"#form\" role=\"button\"><br \/>\n\t\t\t\t\t\tPida mas informaci\u00f3n<br \/>\n\t\t\t\t\t<\/a><br \/>\n\t\t\t\t\t\t\t\t\t\t\t\t\t\t\t<img decoding=\"async\" width=\"1000\" height=\"666\" src=\"https:\/\/www.sessamarine.com\/wp-content\/uploads\/2021\/11\/KL40_11-landing_Power-boat.jpg\" alt=\"\" loading=\"lazy\" srcset=\"https:\/\/www.sessamarine.com\/wp-content\/uploads\/2021\/11\/KL40_11-landing_Power-boat.jpg 1000w, https:\/\/www.sessamarine.com\/wp-content\/uploads\/2021\/11\/KL40_11-landing_Power-boat-300x200.jpg 300w, https:\/\/www.sessamarine.com\/wp-content\/uploads\/2021\/11\/KL40_11-landing_Power-boat-768x511.jpg 768w, https:\/\/www.sessamarine.com\/wp-content\/uploads\/2021\/11\/KL40_11-landing_Power-boat-640x426.jpg 640w, https:\/\/www.sessamarine.com\/wp-content\/uploads\/2021\/11\/KL40_11-landing_Power-boat-600x400.jpg 600w\" sizes=\"auto, (max-width: 639px) 98vw, (max-width: 1199px) 64vw, 770px\" \/><br \/>\n\t\t\t\t\t\t\t\t\t\t\t\t\t\t\t<img decoding=\"async\" width=\"1000\" height=\"671\" src=\"https:\/\/www.sessamarine.com\/wp-content\/uploads\/2021\/11\/C38_12-landing-1.jpg\" alt=\"\" loading=\"lazy\" srcset=\"https:\/\/www.sessamarine.com\/wp-content\/uploads\/2021\/11\/C38_12-landing-1.jpg 1000w, https:\/\/www.sessamarine.com\/wp-content\/uploads\/2021\/11\/C38_12-landing-1-300x201.jpg 300w, https:\/\/www.sessamarine.com\/wp-content\/uploads\/2021\/11\/C38_12-landing-1-768x515.jpg 768w, https:\/\/www.sessamarine.com\/wp-content\/uploads\/2021\/11\/C38_12-landing-1-640x429.jpg 640w, https:\/\/www.sessamarine.com\/wp-content\/uploads\/2021\/11\/C38_12-landing-1-600x403.jpg 600w\" sizes=\"auto, (max-width: 639px) 98vw, (max-width: 1199px) 64vw, 770px\" \/>\t\t\t\t\t\t\t\t\t\t\t\t\t\t\t<\/p>\n<h3>SESSA MARINE <\/h3>\n<h3>C38<\/h3>\n<p>Estilo elegante y dise\u00f1o innovador, como en todo barco Sessa, para este modelo que resulta ser nuestro best seller. Todo lo que hace que el buque insignia C68 se destaque tambi\u00e9n se puede encontrar aqu\u00ed.<\/p>\n<p>La luz que se filtra a trav\u00e9s de sus grandes ventanales, como una veranda, da lugar a la sensaci\u00f3n de ser uno con el mar.<\/p>\n<p>\t\t\t<a href=\"#form\" role=\"button\"><br \/>\n\t\t\t\t\t\tPida mas informaci\u00f3n<br \/>\n\t\t\t\t\t<\/a><\/p>\n<h3>SESSA MARINE <\/h3>\n<h3>C47<\/h3>\n<p>El nuevo C47 es un barco \u00fanico que satisface perfectamente las demandas del mercado mundial de estas dimensiones.<\/p>\n<p>Las interesantes l\u00edneas interiores van acompa\u00f1adas de una belleza din\u00e1mica y deportiva: sobre todo, el nuevo techo r\u00edgido presenta l\u00edneas org\u00e1nicas y sinuosas, que se integra a la perfecci\u00f3n con los escudos laterales del techo.<\/p>\n<p>\t\t\t<a href=\"#form\" role=\"button\"><br \/>\n\t\t\t\t\t\tPida mas informaci\u00f3n<br \/>\n\t\t\t\t\t<\/a><br \/>\n\t\t\t\t\t\t\t\t\t\t\t\t\t\t\t<img decoding=\"async\" width=\"1000\" height=\"667\" src=\"https:\/\/www.sessamarine.com\/wp-content\/uploads\/2021\/11\/C47_interior_10-landing.jpg\" alt=\"\" loading=\"lazy\" srcset=\"https:\/\/www.sessamarine.com\/wp-content\/uploads\/2021\/11\/C47_interior_10-landing.jpg 1000w, https:\/\/www.sessamarine.com\/wp-content\/uploads\/2021\/11\/C47_interior_10-landing-300x200.jpg 300w, https:\/\/www.sessamarine.com\/wp-content\/uploads\/2021\/11\/C47_interior_10-landing-768x512.jpg 768w, https:\/\/www.sessamarine.com\/wp-content\/uploads\/2021\/11\/C47_interior_10-landing-640x427.jpg 640w, https:\/\/www.sessamarine.com\/wp-content\/uploads\/2021\/11\/C47_interior_10-landing-600x400.jpg 600w\" sizes=\"auto, (max-width: 639px) 98vw, (max-width: 1199px) 64vw, 770px\" \/><br \/>\n\t\t\t\t\t\t\t\t\t\t\t\t\t\t\t<img decoding=\"async\" width=\"1000\" height=\"667\" src=\"https:\/\/www.sessamarine.com\/wp-content\/uploads\/2021\/11\/F68_31-landing.jpg\" alt=\"\" loading=\"lazy\" srcset=\"https:\/\/www.sessamarine.com\/wp-content\/uploads\/2021\/11\/F68_31-landing.jpg 1000w, https:\/\/www.sessamarine.com\/wp-content\/uploads\/2021\/11\/F68_31-landing-300x200.jpg 300w, https:\/\/www.sessamarine.com\/wp-content\/uploads\/2021\/11\/F68_31-landing-768x512.jpg 768w, https:\/\/www.sessamarine.com\/wp-content\/uploads\/2021\/11\/F68_31-landing-640x427.jpg 640w, https:\/\/www.sessamarine.com\/wp-content\/uploads\/2021\/11\/F68_31-landing-600x400.jpg 600w\" sizes=\"auto, (max-width: 639px) 98vw, (max-width: 1199px) 64vw, 770px\" \/>\t\t\t\t\t\t\t\t\t\t\t\t\t\t\t<\/p>\n<h3>SESSA MARINE <\/h3>\n<h3>F68<\/h3>\n<p>El fly 68 se caracteriza por una l\u00ednea moderna y elegante: un barco de dise\u00f1o deportivo, din\u00e1mico y fuerte con grandes espacios para disfrutar de la vida a bordo.<\/p>\n<p>Se ha establecido un nuevo est\u00e1ndar de crucero de lujo, en la forma del FLY68. La luz, junto con el dise\u00f1o, es el protagonista indiscutible, elemento que puede cambiar la percepci\u00f3n de las fronteras, crear una simbiosis real entre el barco y el entorno.<\/p>\n<p>\t\t\t<a href=\"#form\" role=\"button\"><br \/>\n\t\t\t\t\t\tPida mas informaci\u00f3n<br \/>\n\t\t\t\t\t<\/a><\/p>\n<figure><img decoding=\"async\" width=\"167\" height=\"114\" src=\"https:\/\/www.sessamarine.com\/wp-content\/uploads\/2021\/03\/sessamarine-logo-ombra.png\" alt=\"\" loading=\"lazy\" \/><\/figure>\n<h4>Forma parte del mundo Sessa Marine.<\/h4>\n<h4>Descubra las opciones que tenemos reservadas para usted.<\/h4>\n<h3>RELLENAR EL FORMULARIO<br \/>Reciba m\u00e1s informaci\u00f3n o reserve una visita a bordo<\/h3>\n<p>\t\t\t\t\t\t\t\t\t\t\t\t\t\t\t<img decoding=\"async\" width=\"167\" height=\"114\" src=\"https:\/\/www.sessamarine.com\/wp-content\/uploads\/2021\/03\/sessamarine-logo-ombra.png\" alt=\"\" loading=\"lazy\" \/>\t\t\t\t\t\t\t\t\t\t\t\t\t\t\t<\/p>\n<h4>SESSA INTERNATIONAL SRL<\/h4>\n<p>Via Cortenuova, 21\/23 &#8211; 24050 Cividate al Piano<\/p>\n<p>Tel. +39 0363.946500 &#8211; Fax +39 0363.976766<\/p>\n<p>BERGAMO (ITALY)<\/p>\n<p>P.I.: 04064960166<\/p>\n","protected":false},"excerpt":{"rendered":"<p>LA NAVEGACI\u00d3N DE EXCELENCIA, MADE IN ITALY Icono de estilo, dise\u00f1o rendimiento y emociones.v Descubra nuestras marcas Sessa Marine ofrece l\u00edneas de embarcaciones abiertas y con mosca, de 24 a 68 pies, dise\u00f1adas para ofrecer la m\u00e1xima calidad a quienes opten por navegar a bordo de nuestros yates. Hoy Sessa Marine es uno de los [&hellip;]<\/p>\n","protected":false},"author":112,"featured_media":0,"parent":0,"menu_order":0,"comment_status":"closed","ping_status":"closed","template":"elementor_canvas","meta":{"footnotes":""},"class_list":["post-3068","page","type-page","status-publish","hentry"],"yoast_head":"<!-- This site is optimized with the Yoast SEO plugin v26.9 - https:\/\/yoast.com\/product\/yoast-seo-wordpress\/ -->\n<title>Landing Novembre 2021 - SPA - Sessa Marine<\/title>\n<meta name=\"robots\" content=\"index, follow, max-snippet:-1, max-image-preview:large, max-video-preview:-1\" \/>\n<link rel=\"canonical\" href=\"https:\/\/www.sessamarine.com\/landing-novembre-2021-spa\/\" \/>\n<meta property=\"og:locale\" content=\"en_US\" \/>\n<meta property=\"og:type\" content=\"article\" \/>\n<meta property=\"og:title\" content=\"Landing Novembre 2021 - SPA - Sessa Marine\" \/>\n<meta property=\"og:description\" content=\"LA NAVEGACI\u00d3N DE EXCELENCIA, MADE IN ITALY Icono de estilo, dise\u00f1o rendimiento y emociones.v Descubra nuestras marcas Sessa Marine ofrece l\u00edneas de embarcaciones abiertas y con mosca, de 24 a 68 pies, dise\u00f1adas para ofrecer la m\u00e1xima calidad a quienes opten por navegar a bordo de nuestros yates. Hoy Sessa Marine es uno de los [&hellip;]\" \/>\n<meta property=\"og:url\" content=\"https:\/\/www.sessamarine.com\/landing-novembre-2021-spa\/\" \/>\n<meta property=\"og:site_name\" content=\"Sessa Marine\" \/>\n<meta property=\"article:publisher\" content=\"https:\/\/www.facebook.com\/sessamarineyachts\/\" \/>\n<meta property=\"article:modified_time\" content=\"2021-12-01T10:09:14+00:00\" \/>\n<meta property=\"og:image\" content=\"https:\/\/www.sessamarine.com\/wp-content\/uploads\/2021\/03\/sessamarine-logo-ombra.png\" \/>\n<meta name=\"twitter:card\" content=\"summary_large_image\" \/>\n<meta name=\"twitter:label1\" content=\"Est. reading time\" \/>\n\t<meta name=\"twitter:data1\" content=\"5 minutes\" \/>\n<script type=\"application\/ld+json\" class=\"yoast-schema-graph\">{\"@context\":\"https:\/\/schema.org\",\"@graph\":[{\"@type\":\"WebPage\",\"@id\":\"https:\/\/www.sessamarine.com\/landing-novembre-2021-spa\/\",\"url\":\"https:\/\/www.sessamarine.com\/landing-novembre-2021-spa\/\",\"name\":\"Landing Novembre 2021 - SPA - Sessa Marine\",\"isPartOf\":{\"@id\":\"https:\/\/www.sessamarine.com\/#website\"},\"primaryImageOfPage\":{\"@id\":\"https:\/\/www.sessamarine.com\/landing-novembre-2021-spa\/#primaryimage\"},\"image\":{\"@id\":\"https:\/\/www.sessamarine.com\/landing-novembre-2021-spa\/#primaryimage\"},\"thumbnailUrl\":\"https:\/\/www.sessamarine.com\/wp-content\/uploads\/2021\/03\/sessamarine-logo-ombra.png\",\"datePublished\":\"2021-12-01T09:59:27+00:00\",\"dateModified\":\"2021-12-01T10:09:14+00:00\",\"breadcrumb\":{\"@id\":\"https:\/\/www.sessamarine.com\/landing-novembre-2021-spa\/#breadcrumb\"},\"inLanguage\":\"en-US\",\"potentialAction\":[{\"@type\":\"ReadAction\",\"target\":[\"https:\/\/www.sessamarine.com\/landing-novembre-2021-spa\/\"]}]},{\"@type\":\"ImageObject\",\"inLanguage\":\"en-US\",\"@id\":\"https:\/\/www.sessamarine.com\/landing-novembre-2021-spa\/#primaryimage\",\"url\":\"https:\/\/www.sessamarine.com\/wp-content\/uploads\/2021\/03\/sessamarine-logo-ombra.png\",\"contentUrl\":\"https:\/\/www.sessamarine.com\/wp-content\/uploads\/2021\/03\/sessamarine-logo-ombra.png\"},{\"@type\":\"BreadcrumbList\",\"@id\":\"https:\/\/www.sessamarine.com\/landing-novembre-2021-spa\/#breadcrumb\",\"itemListElement\":[{\"@type\":\"ListItem\",\"position\":1,\"name\":\"Home\",\"item\":\"https:\/\/www.sessamarine.com\/en\/\"},{\"@type\":\"ListItem\",\"position\":2,\"name\":\"Landing Novembre 2021 &#8211; SPA\"}]},{\"@type\":\"WebSite\",\"@id\":\"https:\/\/www.sessamarine.com\/#website\",\"url\":\"https:\/\/www.sessamarine.com\/\",\"name\":\"Sessa Marine\",\"description\":\"\",\"potentialAction\":[{\"@type\":\"SearchAction\",\"target\":{\"@type\":\"EntryPoint\",\"urlTemplate\":\"https:\/\/www.sessamarine.com\/?s={search_term_string}\"},\"query-input\":{\"@type\":\"PropertyValueSpecification\",\"valueRequired\":true,\"valueName\":\"search_term_string\"}}],\"inLanguage\":\"en-US\"}]}<\/script>\n<!-- \/ Yoast SEO plugin. -->","yoast_head_json":{"title":"Landing Novembre 2021 - SPA - Sessa Marine","robots":{"index":"index","follow":"follow","max-snippet":"max-snippet:-1","max-image-preview":"max-image-preview:large","max-video-preview":"max-video-preview:-1"},"canonical":"https:\/\/www.sessamarine.com\/landing-novembre-2021-spa\/","og_locale":"en_US","og_type":"article","og_title":"Landing Novembre 2021 - SPA - Sessa Marine","og_description":"LA NAVEGACI\u00d3N DE EXCELENCIA, MADE IN ITALY Icono de estilo, dise\u00f1o rendimiento y emociones.v Descubra nuestras marcas Sessa Marine ofrece l\u00edneas de embarcaciones abiertas y con mosca, de 24 a 68 pies, dise\u00f1adas para ofrecer la m\u00e1xima calidad a quienes opten por navegar a bordo de nuestros yates. Hoy Sessa Marine es uno de los [&hellip;]","og_url":"https:\/\/www.sessamarine.com\/landing-novembre-2021-spa\/","og_site_name":"Sessa Marine","article_publisher":"https:\/\/www.facebook.com\/sessamarineyachts\/","article_modified_time":"2021-12-01T10:09:14+00:00","og_image":[{"url":"https:\/\/www.sessamarine.com\/wp-content\/uploads\/2021\/03\/sessamarine-logo-ombra.png","type":"","width":"","height":""}],"twitter_card":"summary_large_image","twitter_misc":{"Est. reading time":"5 minutes"},"schema":{"@context":"https:\/\/schema.org","@graph":[{"@type":"WebPage","@id":"https:\/\/www.sessamarine.com\/landing-novembre-2021-spa\/","url":"https:\/\/www.sessamarine.com\/landing-novembre-2021-spa\/","name":"Landing Novembre 2021 - SPA - Sessa Marine","isPartOf":{"@id":"https:\/\/www.sessamarine.com\/#website"},"primaryImageOfPage":{"@id":"https:\/\/www.sessamarine.com\/landing-novembre-2021-spa\/#primaryimage"},"image":{"@id":"https:\/\/www.sessamarine.com\/landing-novembre-2021-spa\/#primaryimage"},"thumbnailUrl":"https:\/\/www.sessamarine.com\/wp-content\/uploads\/2021\/03\/sessamarine-logo-ombra.png","datePublished":"2021-12-01T09:59:27+00:00","dateModified":"2021-12-01T10:09:14+00:00","breadcrumb":{"@id":"https:\/\/www.sessamarine.com\/landing-novembre-2021-spa\/#breadcrumb"},"inLanguage":"en-US","potentialAction":[{"@type":"ReadAction","target":["https:\/\/www.sessamarine.com\/landing-novembre-2021-spa\/"]}]},{"@type":"ImageObject","inLanguage":"en-US","@id":"https:\/\/www.sessamarine.com\/landing-novembre-2021-spa\/#primaryimage","url":"https:\/\/www.sessamarine.com\/wp-content\/uploads\/2021\/03\/sessamarine-logo-ombra.png","contentUrl":"https:\/\/www.sessamarine.com\/wp-content\/uploads\/2021\/03\/sessamarine-logo-ombra.png"},{"@type":"BreadcrumbList","@id":"https:\/\/www.sessamarine.com\/landing-novembre-2021-spa\/#breadcrumb","itemListElement":[{"@type":"ListItem","position":1,"name":"Home","item":"https:\/\/www.sessamarine.com\/en\/"},{"@type":"ListItem","position":2,"name":"Landing Novembre 2021 &#8211; SPA"}]},{"@type":"WebSite","@id":"https:\/\/www.sessamarine.com\/#website","url":"https:\/\/www.sessamarine.com\/","name":"Sessa Marine","description":"","potentialAction":[{"@type":"SearchAction","target":{"@type":"EntryPoint","urlTemplate":"https:\/\/www.sessamarine.com\/?s={search_term_string}"},"query-input":{"@type":"PropertyValueSpecification","valueRequired":true,"valueName":"search_term_string"}}],"inLanguage":"en-US"}]}},"_links":{"self":[{"href":"https:\/\/www.sessamarine.com\/en\/wp-json\/wp\/v2\/pages\/3068","targetHints":{"allow":["GET"]}}],"collection":[{"href":"https:\/\/www.sessamarine.com\/en\/wp-json\/wp\/v2\/pages"}],"about":[{"href":"https:\/\/www.sessamarine.com\/en\/wp-json\/wp\/v2\/types\/page"}],"author":[{"embeddable":true,"href":"https:\/\/www.sessamarine.com\/en\/wp-json\/wp\/v2\/users\/112"}],"replies":[{"embeddable":true,"href":"https:\/\/www.sessamarine.com\/en\/wp-json\/wp\/v2\/comments?post=3068"}],"version-history":[{"count":5,"href":"https:\/\/www.sessamarine.com\/en\/wp-json\/wp\/v2\/pages\/3068\/revisions"}],"predecessor-version":[{"id":3077,"href":"https:\/\/www.sessamarine.com\/en\/wp-json\/wp\/v2\/pages\/3068\/revisions\/3077"}],"wp:attachment":[{"href":"https:\/\/www.sessamarine.com\/en\/wp-json\/wp\/v2\/media?parent=3068"}],"curies":[{"name":"wp","href":"https:\/\/api.w.org\/{rel}","templated":true}]}}